{"id":170,"date":"2023-11-02T19:55:23","date_gmt":"2023-11-02T19:55:23","guid":{"rendered":"https:\/\/gasfersat.com\/?page_id=170"},"modified":"2024-04-18T11:02:40","modified_gmt":"2024-04-18T11:02:40","slug":"accesibilidad","status":"publish","type":"page","link":"https:\/\/gasfersat.com\/en\/accesibilidad\/","title":{"rendered":"Accessibility"},"content":{"rendered":"<div data-elementor-type=\"wp-page\" data-elementor-id=\"170\" class=\"elementor elementor-170\" data-elementor-post-type=\"page\">\n\t\t\t\t<div class=\"elementor-element elementor-element-da2f505 e-flex e-con-boxed e-con e-parent\" data-id=\"da2f505\" data-element_type=\"container\" data-settings=\"{&quot;container_type&quot;:&quot;flex&quot;,&quot;content_width&quot;:&quot;boxed&quot;}\" data-core-v316-plus=\"true\">\n\t\t\t\t\t<div class=\"e-con-inner\">\n\t\t\t\t<div class=\"elementor-element elementor-element-8e79d85 elementor-widget elementor-widget-heading\" data-id=\"8e79d85\" data-element_type=\"widget\" data-widget_type=\"heading.default\">\n\t\t\t\t<div class=\"elementor-widget-container\">\n\t\t\t<style>\/*! elementor - v3.19.0 - 07-02-2024 *\/\n.elementor-heading-title{padding:0;margin:0;line-height:1}.elementor-widget-heading .elementor-heading-title[class*=elementor-size-]>a{color:inherit;font-size:inherit;line-height:inherit}.elementor-widget-heading .elementor-heading-title.elementor-size-small{font-size:15px}.elementor-widget-heading .elementor-heading-title.elementor-size-medium{font-size:19px}.elementor-widget-heading .elementor-heading-title.elementor-size-large{font-size:29px}.elementor-widget-heading .elementor-heading-title.elementor-size-xl{font-size:39px}.elementor-widget-heading .elementor-heading-title.elementor-size-xxl{font-size:59px}<\/style><h2 class=\"elementor-heading-title elementor-size-default\">Accessibility<\/h2>\t\t<\/div>\n\t\t\t\t<\/div>\n\t\t\t\t\t<\/div>\n\t\t\t\t<\/div>\n\t\t<div class=\"elementor-element elementor-element-4b7dd66 e-flex e-con-boxed e-con e-parent\" data-id=\"4b7dd66\" data-element_type=\"container\" data-settings=\"{&quot;container_type&quot;:&quot;flex&quot;,&quot;content_width&quot;:&quot;boxed&quot;}\" data-core-v316-plus=\"true\">\n\t\t\t\t\t<div class=\"e-con-inner\">\n\t\t\t\t<div class=\"elementor-element elementor-element-ed25c2a elementor-widget elementor-widget-text-editor\" data-id=\"ed25c2a\" data-element_type=\"widget\" data-widget_type=\"text-editor.default\">\n\t\t\t\t<div class=\"elementor-widget-container\">\n\t\t\t<style>\/*! elementor - v3.19.0 - 07-02-2024 *\/\n.elementor-widget-text-editor.elementor-drop-cap-view-stacked .elementor-drop-cap{background-color:#69727d;color:#fff}.elementor-widget-text-editor.elementor-drop-cap-view-framed .elementor-drop-cap{color:#69727d;border:3px solid;background-color:transparent}.elementor-widget-text-editor:not(.elementor-drop-cap-view-default) .elementor-drop-cap{margin-top:8px}.elementor-widget-text-editor:not(.elementor-drop-cap-view-default) .elementor-drop-cap-letter{width:1em;height:1em}.elementor-widget-text-editor .elementor-drop-cap{float:left;text-align:center;line-height:1;font-size:50px}.elementor-widget-text-editor .elementor-drop-cap-letter{display:inline-block}<\/style>\t\t\t\t<p>ACCESIBILIDAD WEB<br \/>Actualizado 15\/03\/2023<\/p><p>Gasfersat se compromete en hacer accesible su sitio web de conformidad con el\u00a0Real Decreto 1112\/2018, sobre accesibilidad de los sitios webs y aplicaciones para dispositivos m\u00f3viles del sector p\u00fablico.<br \/>La presente declaraci\u00f3n de accesibilidad se aplica al sitio web gasfersat.com<br \/>SITUACI\u00d3N DE CUMPLIMIENTO<br \/>Este sitio web es parcialmente conforme con el\u00a0RD 1112\/2018\u00a0debido a la falta de conformidad de los aspectos que se indican a continuaci\u00f3n.<br \/>Contenido no accesible<br \/>El contenido que se recoge a continuaci\u00f3n no es accesible por lo siguiente:<br \/>Falta de conformidad con el RD 1112\/2018<br \/>Se pueden encontrar im\u00e1genes sin que acompa\u00f1e texto explicativo.<br \/>Se puede encontrar a\u00fan anidamientos incorrectos de etiquetas.<br \/>Podr\u00edan existir fallos de edici\u00f3n en la p\u00e1gina web.<br \/>Carga desproporcionada<br \/>No aplica.<br \/>El contenido no entra dentro del \u00e1mbito de la legislaci\u00f3n aplicable.<br \/>Existen archivos ofim\u00e1ticos en PDF que no cumplan en su totalidad todos los requisitos de accesibilidad.<br \/>La presente declaraci\u00f3n fue preparada el 15 de enero de 2023.<br \/>El m\u00e9todo empleado para preparar la declaraci\u00f3n ha sido una autoevaluaci\u00f3n llevada a cabo por el equipo de accesibilidad.<br \/>\u00daltima revisi\u00f3n de la declaraci\u00f3n: 12 de enero de 2023.<br \/>Observaciones y datos de contacto<br \/>Puede realizar comunicaciones sobre requisitos de accesibilidad (art\u00edculo 10.2.a) del RD 1112\/2018) como por ejemplo:<br \/>Informar sobre cualquier posible incumplimiento por parte de este sitio web.<br \/>Transmitir otras dificultades de acceso al contenido.<br \/>Formular cualquier otra consulta o sugerencia de mejora relativa a la accesibilidad del sitio web.<br \/>A trav\u00e9s de nuestro buz\u00f3n de sugerencias fernandomantenimiento66@gmail.com, o de manera presencial en nuestra sede: PALENCIA.<br \/>Las comunicaciones ser\u00e1n recibidas y tratadas por el equipo de Accesibilidad.<\/p>\t\t\t\t\t\t<\/div>\n\t\t\t\t<\/div>\n\t\t\t\t\t<\/div>\n\t\t\t\t<\/div>\n\t\t\t\t<\/div>","protected":false},"excerpt":{"rendered":"<p>Accesibilidad ACCESIBILIDAD WEBActualizado 15\/03\/2023 Gasfersat se compromete en hacer accesible su sitio web de conformidad con el\u00a0Real Decreto 1112\/2018, sobre accesibilidad de los sitios webs y aplicaciones para dispositivos m\u00f3viles del sector p\u00fablico.La presente declaraci\u00f3n de accesibilidad se aplica al sitio web gasfersat.comSITUACI\u00d3N DE CUMPLIMIENTOEste sitio web es parcialmente conforme con el\u00a0RD 1112\/2018\u00a0debido a la [&hellip;]<\/p>","protected":false},"author":1,"featured_media":0,"parent":0,"menu_order":0,"comment_status":"closed","ping_status":"closed","template":"","meta":{"footnotes":""},"yoast_head":"<!-- This site is optimized with the Yoast SEO plugin v22.1 - https:\/\/yoast.com\/wordpress\/plugins\/seo\/ -->\n<title>Accesibilidad - Gasfersat<\/title>\n<meta name=\"robots\" content=\"index, follow, max-snippet:-1, max-image-preview:large, max-video-preview:-1\" \/>\n<link rel=\"canonical\" href=\"https:\/\/gasfersat.com\/en\/accesibilidad\/\" \/>\n<meta property=\"og:locale\" content=\"en_GB\" \/>\n<meta property=\"og:type\" content=\"article\" \/>\n<meta property=\"og:title\" content=\"Accesibilidad - Gasfersat\" \/>\n<meta property=\"og:description\" content=\"Accesibilidad ACCESIBILIDAD WEBActualizado 15\/03\/2023 Gasfersat se compromete en hacer accesible su sitio web de conformidad con el\u00a0Real Decreto 1112\/2018, sobre accesibilidad de los sitios webs y aplicaciones para dispositivos m\u00f3viles del sector p\u00fablico.La presente declaraci\u00f3n de accesibilidad se aplica al sitio web gasfersat.comSITUACI\u00d3N DE CUMPLIMIENTOEste sitio web es parcialmente conforme con el\u00a0RD 1112\/2018\u00a0debido a la [&hellip;]\" \/>\n<meta property=\"og:url\" content=\"https:\/\/gasfersat.com\/en\/accesibilidad\/\" \/>\n<meta property=\"og:site_name\" content=\"Gasfersat\" \/>\n<meta property=\"article:modified_time\" content=\"2024-04-18T11:02:40+00:00\" \/>\n<meta name=\"twitter:card\" content=\"summary_large_image\" \/>\n<meta name=\"twitter:label1\" content=\"Estimated reading time\" \/>\n\t<meta name=\"twitter:data1\" content=\"2 minutes\" \/>\n<script type=\"application\/ld+json\" class=\"yoast-schema-graph\">{\"@context\":\"https:\/\/schema.org\",\"@graph\":[{\"@type\":\"WebPage\",\"@id\":\"https:\/\/gasfersat.com\/accesibilidad\/\",\"url\":\"https:\/\/gasfersat.com\/accesibilidad\/\",\"name\":\"Accesibilidad - Gasfersat\",\"isPartOf\":{\"@id\":\"https:\/\/gasfersat.com\/#website\"},\"datePublished\":\"2023-11-02T19:55:23+00:00\",\"dateModified\":\"2024-04-18T11:02:40+00:00\",\"breadcrumb\":{\"@id\":\"https:\/\/gasfersat.com\/accesibilidad\/#breadcrumb\"},\"inLanguage\":\"en-GB\",\"potentialAction\":[{\"@type\":\"ReadAction\",\"target\":[\"https:\/\/gasfersat.com\/accesibilidad\/\"]}]},{\"@type\":\"BreadcrumbList\",\"@id\":\"https:\/\/gasfersat.com\/accesibilidad\/#breadcrumb\",\"itemListElement\":[{\"@type\":\"ListItem\",\"position\":1,\"name\":\"Portada\",\"item\":\"https:\/\/gasfersat.com\/\"},{\"@type\":\"ListItem\",\"position\":2,\"name\":\"Accesibilidad\"}]},{\"@type\":\"WebSite\",\"@id\":\"https:\/\/gasfersat.com\/#website\",\"url\":\"https:\/\/gasfersat.com\/\",\"name\":\"Gasfersat\",\"description\":\"Mantenimiento y reparaci\u00f3n de calderas\",\"publisher\":{\"@id\":\"https:\/\/gasfersat.com\/#organization\"},\"potentialAction\":[{\"@type\":\"SearchAction\",\"target\":{\"@type\":\"EntryPoint\",\"urlTemplate\":\"https:\/\/gasfersat.com\/?s={search_term_string}\"},\"query-input\":\"required name=search_term_string\"}],\"inLanguage\":\"en-GB\"},{\"@type\":\"Organization\",\"@id\":\"https:\/\/gasfersat.com\/#organization\",\"name\":\"Gasfersat\",\"url\":\"https:\/\/gasfersat.com\/\",\"logo\":{\"@type\":\"ImageObject\",\"inLanguage\":\"en-GB\",\"@id\":\"https:\/\/gasfersat.com\/#\/schema\/logo\/image\/\",\"url\":\"https:\/\/gasfersat.com\/wp-content\/uploads\/2023\/10\/cropped-cropped-logodiseno1-removebg-preview.png\",\"contentUrl\":\"https:\/\/gasfersat.com\/wp-content\/uploads\/2023\/10\/cropped-cropped-logodiseno1-removebg-preview.png\",\"width\":604,\"height\":221,\"caption\":\"Gasfersat\"},\"image\":{\"@id\":\"https:\/\/gasfersat.com\/#\/schema\/logo\/image\/\"}}]}<\/script>\n<!-- \/ Yoast SEO plugin. -->","yoast_head_json":{"title":"Accesibilidad - Gasfersat","robots":{"index":"index","follow":"follow","max-snippet":"max-snippet:-1","max-image-preview":"max-image-preview:large","max-video-preview":"max-video-preview:-1"},"canonical":"https:\/\/gasfersat.com\/en\/accesibilidad\/","og_locale":"en_GB","og_type":"article","og_title":"Accesibilidad - Gasfersat","og_description":"Accesibilidad ACCESIBILIDAD WEBActualizado 15\/03\/2023 Gasfersat se compromete en hacer accesible su sitio web de conformidad con el\u00a0Real Decreto 1112\/2018, sobre accesibilidad de los sitios webs y aplicaciones para dispositivos m\u00f3viles del sector p\u00fablico.La presente declaraci\u00f3n de accesibilidad se aplica al sitio web gasfersat.comSITUACI\u00d3N DE CUMPLIMIENTOEste sitio web es parcialmente conforme con el\u00a0RD 1112\/2018\u00a0debido a la [&hellip;]","og_url":"https:\/\/gasfersat.com\/en\/accesibilidad\/","og_site_name":"Gasfersat","article_modified_time":"2024-04-18T11:02:40+00:00","twitter_card":"summary_large_image","twitter_misc":{"Estimated reading time":"2 minutes"},"schema":{"@context":"https:\/\/schema.org","@graph":[{"@type":"WebPage","@id":"https:\/\/gasfersat.com\/accesibilidad\/","url":"https:\/\/gasfersat.com\/accesibilidad\/","name":"Accesibilidad - Gasfersat","isPartOf":{"@id":"https:\/\/gasfersat.com\/#website"},"datePublished":"2023-11-02T19:55:23+00:00","dateModified":"2024-04-18T11:02:40+00:00","breadcrumb":{"@id":"https:\/\/gasfersat.com\/accesibilidad\/#breadcrumb"},"inLanguage":"en-GB","potentialAction":[{"@type":"ReadAction","target":["https:\/\/gasfersat.com\/accesibilidad\/"]}]},{"@type":"BreadcrumbList","@id":"https:\/\/gasfersat.com\/accesibilidad\/#breadcrumb","itemListElement":[{"@type":"ListItem","position":1,"name":"Portada","item":"https:\/\/gasfersat.com\/"},{"@type":"ListItem","position":2,"name":"Accesibilidad"}]},{"@type":"WebSite","@id":"https:\/\/gasfersat.com\/#website","url":"https:\/\/gasfersat.com\/","name":"Gasfersat","description":"Mantenimiento y reparaci\u00f3n de calderas","publisher":{"@id":"https:\/\/gasfersat.com\/#organization"},"potentialAction":[{"@type":"SearchAction","target":{"@type":"EntryPoint","urlTemplate":"https:\/\/gasfersat.com\/?s={search_term_string}"},"query-input":"required name=search_term_string"}],"inLanguage":"en-GB"},{"@type":"Organization","@id":"https:\/\/gasfersat.com\/#organization","name":"Gasfersat","url":"https:\/\/gasfersat.com\/","logo":{"@type":"ImageObject","inLanguage":"en-GB","@id":"https:\/\/gasfersat.com\/#\/schema\/logo\/image\/","url":"https:\/\/gasfersat.com\/wp-content\/uploads\/2023\/10\/cropped-cropped-logodiseno1-removebg-preview.png","contentUrl":"https:\/\/gasfersat.com\/wp-content\/uploads\/2023\/10\/cropped-cropped-logodiseno1-removebg-preview.png","width":604,"height":221,"caption":"Gasfersat"},"image":{"@id":"https:\/\/gasfersat.com\/#\/schema\/logo\/image\/"}}]}},"_links":{"self":[{"href":"https:\/\/gasfersat.com\/en\/wp-json\/wp\/v2\/pages\/170"}],"collection":[{"href":"https:\/\/gasfersat.com\/en\/wp-json\/wp\/v2\/pages"}],"about":[{"href":"https:\/\/gasfersat.com\/en\/wp-json\/wp\/v2\/types\/page"}],"author":[{"embeddable":true,"href":"https:\/\/gasfersat.com\/en\/wp-json\/wp\/v2\/users\/1"}],"replies":[{"embeddable":true,"href":"https:\/\/gasfersat.com\/en\/wp-json\/wp\/v2\/comments?post=170"}],"version-history":[{"count":3,"href":"https:\/\/gasfersat.com\/en\/wp-json\/wp\/v2\/pages\/170\/revisions"}],"predecessor-version":[{"id":550,"href":"https:\/\/gasfersat.com\/en\/wp-json\/wp\/v2\/pages\/170\/revisions\/550"}],"wp:attachment":[{"href":"https:\/\/gasfersat.com\/en\/wp-json\/wp\/v2\/media?parent=170"}],"curies":[{"name":"wp","href":"https:\/\/api.w.org\/{rel}","templated":true}]}}